{"id":5860,"date":"2026-03-13T15:51:43","date_gmt":"2026-03-13T18:51:43","guid":{"rendered":"https:\/\/loft.com.br\/para-imobiliarias\/?page_id=5860"},"modified":"2026-03-13T15:53:09","modified_gmt":"2026-03-13T18:53:09","slug":"fianca-teste","status":"publish","type":"page","link":"https:\/\/loft.com.br\/para-imobiliarias\/fianca-teste\/","title":{"rendered":"Fian\u00e7a Teste"},"content":{"rendered":"\t\t<div data-elementor-type=\"wp-page\" data-elementor-id=\"5860\" class=\"elementor elementor-5860\" data-elementor-post-type=\"page\">\n\t\t\t\t<div class=\"elementor-element elementor-element-73a3b53 e-flex e-con-boxed e-con e-parent\" data-id=\"73a3b53\" data-element_type=\"container\" data-e-type=\"container\">\n\t\t\t\t\t<div class=\"e-con-inner\">\n\t\t\t\t<div class=\"elementor-element elementor-element-a341c9a elementor-widget elementor-widget-hubspot-form\" data-id=\"a341c9a\" data-element_type=\"widget\" data-e-type=\"widget\" data-widget_type=\"hubspot-form.default\">\n\t\t\t\t<div class=\"elementor-widget-container\">\n\t\t\t\t\t\n\t\t\t<div\n\t\t\tclass=\"hs-form-frame\"\n\t\t\tdata-region=\"na1\"\n\t\t\tdata-form-id=\"a1dbd5bd-f48c-4f0e-aade-41ea5ecda6f0\"\n\t\t\tdata-portal-id=\"50821833\"\n\t\t\t >\n\t\t\t<\/div>\n\t\t\t\t\t\t\t<\/div>\n\t\t\t\t<\/div>\n\t\t\t\t\t<\/div>\n\t\t\t\t<\/div>\n\t\t\t\t<\/div>\n\t\t","protected":false},"excerpt":{"rendered":"","protected":false},"author":19,"featured_media":0,"parent":0,"menu_order":0,"comment_status":"closed","ping_status":"closed","template":"","meta":{"content-type":"","footnotes":""},"class_list":["post-5860","page","type-page","status-publish","hentry"],"yoast_head":"<!-- This site is optimized with the Yoast SEO plugin v27.3 - https:\/\/yoast.com\/product\/yoast-seo-wordpress\/ -->\n<title>Fian\u00e7a Teste - Loft - Solu\u00e7\u00f5es completas para sua imobili\u00e1ria crescer<\/title>\n<meta name=\"robots\" content=\"index, follow, max-snippet:-1, max-image-preview:large, max-video-preview:-1\" \/>\n<link rel=\"canonical\" href=\"https:\/\/loft.com.br\/para-imobiliarias\/fianca-teste\/\" \/>\n<meta property=\"og:locale\" content=\"pt_BR\" \/>\n<meta property=\"og:type\" content=\"article\" \/>\n<meta property=\"og:title\" content=\"Fian\u00e7a Teste - Loft - Solu\u00e7\u00f5es completas para sua imobili\u00e1ria crescer\" \/>\n<meta property=\"og:url\" content=\"https:\/\/loft.com.br\/para-imobiliarias\/fianca-teste\/\" \/>\n<meta property=\"og:site_name\" content=\"Loft - Solu\u00e7\u00f5es completas para sua imobili\u00e1ria crescer\" \/>\n<meta property=\"article:modified_time\" content=\"2026-03-13T18:53:09+00:00\" \/>\n<meta name=\"twitter:card\" content=\"summary_large_image\" \/>\n<meta name=\"twitter:label1\" content=\"Est. tempo de leitura\" \/>\n\t<meta name=\"twitter:data1\" content=\"1 minuto\" \/>\n<script type=\"application\/ld+json\" class=\"yoast-schema-graph\">{\"@context\":\"https:\\\/\\\/schema.org\",\"@graph\":[{\"@type\":\"WebPage\",\"@id\":\"https:\\\/\\\/loft.com.br\\\/para-imobiliarias\\\/fianca-teste\\\/\",\"url\":\"https:\\\/\\\/loft.com.br\\\/para-imobiliarias\\\/fianca-teste\\\/\",\"name\":\"Fian\u00e7a Teste - Loft - Solu\u00e7\u00f5es completas para sua imobili\u00e1ria crescer\",\"isPartOf\":{\"@id\":\"https:\\\/\\\/loft.com.br\\\/para-imobiliarias\\\/#website\"},\"datePublished\":\"2026-03-13T18:51:43+00:00\",\"dateModified\":\"2026-03-13T18:53:09+00:00\",\"breadcrumb\":{\"@id\":\"https:\\\/\\\/loft.com.br\\\/para-imobiliarias\\\/fianca-teste\\\/#breadcrumb\"},\"inLanguage\":\"pt-BR\",\"potentialAction\":[{\"@type\":\"ReadAction\",\"target\":[\"https:\\\/\\\/loft.com.br\\\/para-imobiliarias\\\/fianca-teste\\\/\"]}]},{\"@type\":\"BreadcrumbList\",\"@id\":\"https:\\\/\\\/loft.com.br\\\/para-imobiliarias\\\/fianca-teste\\\/#breadcrumb\",\"itemListElement\":[{\"@type\":\"ListItem\",\"position\":1,\"name\":\"Home\",\"item\":\"https:\\\/\\\/loft.com.br\\\/para-imobiliarias\\\/\"},{\"@type\":\"ListItem\",\"position\":2,\"name\":\"Fian\u00e7a Teste\"}]},{\"@type\":\"WebSite\",\"@id\":\"https:\\\/\\\/loft.com.br\\\/para-imobiliarias\\\/#website\",\"url\":\"https:\\\/\\\/loft.com.br\\\/para-imobiliarias\\\/\",\"name\":\"Loft\",\"description\":\"\",\"publisher\":{\"@id\":\"https:\\\/\\\/loft.com.br\\\/para-imobiliarias\\\/#organization\"},\"potentialAction\":[{\"@type\":\"SearchAction\",\"target\":{\"@type\":\"EntryPoint\",\"urlTemplate\":\"https:\\\/\\\/loft.com.br\\\/para-imobiliarias\\\/?s={search_term_string}\"},\"query-input\":{\"@type\":\"PropertyValueSpecification\",\"valueRequired\":true,\"valueName\":\"search_term_string\"}}],\"inLanguage\":\"pt-BR\"},{\"@type\":\"Organization\",\"@id\":\"https:\\\/\\\/loft.com.br\\\/para-imobiliarias\\\/#organization\",\"name\":\"Loft\",\"url\":\"https:\\\/\\\/loft.com.br\\\/para-imobiliarias\\\/\",\"logo\":{\"@type\":\"ImageObject\",\"inLanguage\":\"pt-BR\",\"@id\":\"https:\\\/\\\/loft.com.br\\\/para-imobiliarias\\\/#\\\/schema\\\/logo\\\/image\\\/\",\"url\":\"https:\\\/\\\/loft.com.br\\\/para-imobiliarias\\\/wp-content\\\/uploads\\\/2025\\\/08\\\/812f4a76c5577df69ab787c4d64f73104a24c175.png\",\"contentUrl\":\"https:\\\/\\\/loft.com.br\\\/para-imobiliarias\\\/wp-content\\\/uploads\\\/2025\\\/08\\\/812f4a76c5577df69ab787c4d64f73104a24c175.png\",\"width\":2160,\"height\":1835,\"caption\":\"Loft\"},\"image\":{\"@id\":\"https:\\\/\\\/loft.com.br\\\/para-imobiliarias\\\/#\\\/schema\\\/logo\\\/image\\\/\"},\"sameAs\":[\"https:\\\/\\\/www.instagram.com\\\/loft_br\\\/\"]}]}<\/script>\n<!-- \/ Yoast SEO plugin. -->","yoast_head_json":{"title":"Fian\u00e7a Teste - Loft - Solu\u00e7\u00f5es completas para sua imobili\u00e1ria crescer","robots":{"index":"index","follow":"follow","max-snippet":"max-snippet:-1","max-image-preview":"max-image-preview:large","max-video-preview":"max-video-preview:-1"},"canonical":"https:\/\/loft.com.br\/para-imobiliarias\/fianca-teste\/","og_locale":"pt_BR","og_type":"article","og_title":"Fian\u00e7a Teste - Loft - Solu\u00e7\u00f5es completas para sua imobili\u00e1ria crescer","og_url":"https:\/\/loft.com.br\/para-imobiliarias\/fianca-teste\/","og_site_name":"Loft - Solu\u00e7\u00f5es completas para sua imobili\u00e1ria crescer","article_modified_time":"2026-03-13T18:53:09+00:00","twitter_card":"summary_large_image","twitter_misc":{"Est. tempo de leitura":"1 minuto"},"schema":{"@context":"https:\/\/schema.org","@graph":[{"@type":"WebPage","@id":"https:\/\/loft.com.br\/para-imobiliarias\/fianca-teste\/","url":"https:\/\/loft.com.br\/para-imobiliarias\/fianca-teste\/","name":"Fian\u00e7a Teste - Loft - Solu\u00e7\u00f5es completas para sua imobili\u00e1ria crescer","isPartOf":{"@id":"https:\/\/loft.com.br\/para-imobiliarias\/#website"},"datePublished":"2026-03-13T18:51:43+00:00","dateModified":"2026-03-13T18:53:09+00:00","breadcrumb":{"@id":"https:\/\/loft.com.br\/para-imobiliarias\/fianca-teste\/#breadcrumb"},"inLanguage":"pt-BR","potentialAction":[{"@type":"ReadAction","target":["https:\/\/loft.com.br\/para-imobiliarias\/fianca-teste\/"]}]},{"@type":"BreadcrumbList","@id":"https:\/\/loft.com.br\/para-imobiliarias\/fianca-teste\/#breadcrumb","itemListElement":[{"@type":"ListItem","position":1,"name":"Home","item":"https:\/\/loft.com.br\/para-imobiliarias\/"},{"@type":"ListItem","position":2,"name":"Fian\u00e7a Teste"}]},{"@type":"WebSite","@id":"https:\/\/loft.com.br\/para-imobiliarias\/#website","url":"https:\/\/loft.com.br\/para-imobiliarias\/","name":"Loft","description":"","publisher":{"@id":"https:\/\/loft.com.br\/para-imobiliarias\/#organization"},"potentialAction":[{"@type":"SearchAction","target":{"@type":"EntryPoint","urlTemplate":"https:\/\/loft.com.br\/para-imobiliarias\/?s={search_term_string}"},"query-input":{"@type":"PropertyValueSpecification","valueRequired":true,"valueName":"search_term_string"}}],"inLanguage":"pt-BR"},{"@type":"Organization","@id":"https:\/\/loft.com.br\/para-imobiliarias\/#organization","name":"Loft","url":"https:\/\/loft.com.br\/para-imobiliarias\/","logo":{"@type":"ImageObject","inLanguage":"pt-BR","@id":"https:\/\/loft.com.br\/para-imobiliarias\/#\/schema\/logo\/image\/","url":"https:\/\/loft.com.br\/para-imobiliarias\/wp-content\/uploads\/2025\/08\/812f4a76c5577df69ab787c4d64f73104a24c175.png","contentUrl":"https:\/\/loft.com.br\/para-imobiliarias\/wp-content\/uploads\/2025\/08\/812f4a76c5577df69ab787c4d64f73104a24c175.png","width":2160,"height":1835,"caption":"Loft"},"image":{"@id":"https:\/\/loft.com.br\/para-imobiliarias\/#\/schema\/logo\/image\/"},"sameAs":["https:\/\/www.instagram.com\/loft_br\/"]}]}},"_links":{"self":[{"href":"https:\/\/loft.com.br\/para-imobiliarias\/wp-json\/wp\/v2\/pages\/5860","targetHints":{"allow":["GET"]}}],"collection":[{"href":"https:\/\/loft.com.br\/para-imobiliarias\/wp-json\/wp\/v2\/pages"}],"about":[{"href":"https:\/\/loft.com.br\/para-imobiliarias\/wp-json\/wp\/v2\/types\/page"}],"author":[{"embeddable":true,"href":"https:\/\/loft.com.br\/para-imobiliarias\/wp-json\/wp\/v2\/users\/19"}],"replies":[{"embeddable":true,"href":"https:\/\/loft.com.br\/para-imobiliarias\/wp-json\/wp\/v2\/comments?post=5860"}],"version-history":[{"count":0,"href":"https:\/\/loft.com.br\/para-imobiliarias\/wp-json\/wp\/v2\/pages\/5860\/revisions"}],"wp:attachment":[{"href":"https:\/\/loft.com.br\/para-imobiliarias\/wp-json\/wp\/v2\/media?parent=5860"}],"curies":[{"name":"wp","href":"https:\/\/api.w.org\/{rel}","templated":true}]}}